{"id":9,"date":"2023-05-09T17:12:55","date_gmt":"2023-05-09T15:12:55","guid":{"rendered":"http:\/\/www.infravital.de\/?page_id=9"},"modified":"2023-05-10T21:55:21","modified_gmt":"2023-05-10T19:55:21","slug":"unsere-technik","status":"publish","type":"page","link":"https:\/\/www.infravital.de\/?page_id=9","title":{"rendered":"Unsere Technik"},"content":{"rendered":"\t\t<div data-elementor-type=\"wp-page\" data-elementor-id=\"9\" class=\"elementor elementor-9\">\n\t\t\t\t\t\t<section class=\"elementor-section elementor-top-section elementor-element elementor-element-eae7c57 elementor-section-boxed elementor-section-height-default elementor-section-height-default\" data-id=\"eae7c57\" data-element_type=\"section\">\n\t\t\t\t\t\t<div class=\"elementor-container elementor-column-gap-default\">\n\t\t\t\t\t<div class=\"elementor-column elementor-col-100 elementor-top-column elementor-element elementor-element-fe5cb2b\" data-id=\"fe5cb2b\" data-element_type=\"column\">\n\t\t\t<div class=\"elementor-widget-wrap elementor-element-populated\">\n\t\t\t\t\t\t<div class=\"elementor-element elementor-element-5197de9 elementor-widget elementor-widget-heading\" data-id=\"5197de9\" data-element_type=\"widget\" data-widget_type=\"heading.default\">\n\t\t\t\t<div class=\"elementor-widget-container\">\n\t\t\t<h3 class=\"elementor-heading-title elementor-size-default\">- Seit 1995 -<\/h3>\t\t<\/div>\n\t\t\t\t<\/div>\n\t\t\t\t<div class=\"elementor-element elementor-element-748e6d8 elementor-widget elementor-widget-heading\" data-id=\"748e6d8\" data-element_type=\"widget\" data-widget_type=\"heading.default\">\n\t\t\t\t<div class=\"elementor-widget-container\">\n\t\t\t<h2 class=\"elementor-heading-title elementor-size-default\">Unsere Technik<\/h2>\t\t<\/div>\n\t\t\t\t<\/div>\n\t\t\t\t<div class=\"elementor-element elementor-element-fc1e721 elementor-widget elementor-widget-text-editor\" data-id=\"fc1e721\" data-element_type=\"widget\" data-widget_type=\"text-editor.default\">\n\t\t\t\t<div class=\"elementor-widget-container\">\n\t\t\t\t\t\t\t<p style=\"margin: 0in; font-family: Calibri; font-size: 15pt;\">Die Infrarotw\u00e4rme hat eine direkte Wirkung auf den K\u00f6rper. Bei geringem energetischen Aufwand erzielt diese, die Sonnenstrahlung emittierende Technik, sehr positive Wirkung in der Gesunderhaltung und bei verschiedenen Beschwerden.<\/p><p style=\"margin: 0in; font-family: Calibri; font-size: 15pt;\">So werden bei Rheuma, Durchblutungsst\u00f6rungen, Infektionen und Entz\u00fcndungen gelindert oder entstandene Narben, Sportverletzungen und Cellulitis gemildert.<\/p><p style=\"margin: 0in; font-family: Calibri; font-size: 15pt;\">Langwellige Infrarotstrahlung erw\u00e4rmt dabei das Blut und sorgt f\u00fcr die Aktivierung der k\u00f6rpereigenen Heilungskr\u00e4fte. Regelm\u00e4\u00dfig angewandt f\u00fchrt zur Erh\u00f6hung der Widerstandskraft und eine tiefe Entspannung, unterst\u00fctzt Entschlackung und Entgiftung.<\/p><p style=\"margin: 0in; font-family: Calibri; font-size: 15pt;\">Damit wir diesen Effekt erhalten nutzen wir unsere patentierten Emitter deren Wirkung pr\u00e4zise und exakt eigenstellt sind, sodass eine optimale Wirkung erzielt wird und die entsprechenden Effekte eintreten ohne unangenehme oder gar negative Belastung f\u00fcr den K\u00f6rper zu erzeugen.<\/p><p style=\"margin: 0in; font-family: Calibri; font-size: 22.0pt;\"><span style=\"font-weight: bold;\">\u00a0<\/span><\/p>\t\t\t\t\t\t<\/div>\n\t\t\t\t<\/div>\n\t\t\t\t<div class=\"elementor-element elementor-element-ca6de52 elementor-widget elementor-widget-image\" data-id=\"ca6de52\" data-element_type=\"widget\" data-widget_type=\"image.default\">\n\t\t\t\t<div class=\"elementor-widget-container\">\n\t\t\t\t\t\t\t\t\t\t\t\t\t<img fetchpriority=\"high\" decoding=\"async\" width=\"800\" height=\"566\" src=\"https:\/\/www.infravital.de\/wp-content\/uploads\/2023\/05\/Untitled-46-1024x725-1.png\" class=\"attachment-large size-large wp-image-51\" alt=\"\" srcset=\"https:\/\/www.infravital.de\/wp-content\/uploads\/2023\/05\/Untitled-46-1024x725-1.png 1024w, https:\/\/www.infravital.de\/wp-content\/uploads\/2023\/05\/Untitled-46-1024x725-1-300x212.png 300w, https:\/\/www.infravital.de\/wp-content\/uploads\/2023\/05\/Untitled-46-1024x725-1-768x544.png 768w\" sizes=\"(max-width: 800px) 100vw, 800px\" \/>\t\t\t\t\t\t\t\t\t\t\t\t\t<\/div>\n\t\t\t\t<\/div>\n\t\t\t\t\t<\/div>\n\t\t<\/div>\n\t\t\t\t\t<\/div>\n\t\t<\/section>\n\t\t\t\t<section class=\"elementor-section elementor-top-section elementor-element elementor-element-03d0502 elementor-section-boxed elementor-section-height-default elementor-section-height-default\" data-id=\"03d0502\" data-element_type=\"section\">\n\t\t\t\t\t\t<div class=\"elementor-container elementor-column-gap-default\">\n\t\t\t\t\t<div class=\"elementor-column elementor-col-100 elementor-top-column elementor-element elementor-element-4dc619a\" data-id=\"4dc619a\" data-element_type=\"column\">\n\t\t\t<div class=\"elementor-widget-wrap elementor-element-populated\">\n\t\t\t\t\t\t<div class=\"elementor-element elementor-element-bee8b34 elementor-widget-divider--view-line_text elementor-widget-divider--element-align-center elementor-widget elementor-widget-divider\" data-id=\"bee8b34\" data-element_type=\"widget\" data-widget_type=\"divider.default\">\n\t\t\t\t<div class=\"elementor-widget-container\">\n\t\t\t\t\t<div class=\"elementor-divider\">\n\t\t\t<span class=\"elementor-divider-separator\">\n\t\t\t\t\t\t\t<span class=\"elementor-divider__text elementor-divider__element\">\n\t\t\t\tEquotherm\t\t\t\t<\/span>\n\t\t\t\t\t\t<\/span>\n\t\t<\/div>\n\t\t\t\t<\/div>\n\t\t\t\t<\/div>\n\t\t\t\t<section class=\"elementor-section elementor-inner-section elementor-element elementor-element-121bebc elementor-section-boxed elementor-section-height-default elementor-section-height-default\" data-id=\"121bebc\" data-element_type=\"section\">\n\t\t\t\t\t\t<div class=\"elementor-container elementor-column-gap-default\">\n\t\t\t\t\t<div class=\"elementor-column elementor-col-33 elementor-inner-column elementor-element elementor-element-6b43903\" data-id=\"6b43903\" data-element_type=\"column\">\n\t\t\t<div class=\"elementor-widget-wrap\">\n\t\t\t\t\t\t\t<\/div>\n\t\t<\/div>\n\t\t\t\t<div class=\"elementor-column elementor-col-33 elementor-inner-column elementor-element elementor-element-c716424\" data-id=\"c716424\" data-element_type=\"column\">\n\t\t\t<div class=\"elementor-widget-wrap\">\n\t\t\t\t\t\t\t<\/div>\n\t\t<\/div>\n\t\t\t\t<div class=\"elementor-column elementor-col-33 elementor-inner-column elementor-element elementor-element-02468ec\" data-id=\"02468ec\" data-element_type=\"column\">\n\t\t\t<div class=\"elementor-widget-wrap\">\n\t\t\t\t\t\t\t<\/div>\n\t\t<\/div>\n\t\t\t\t\t<\/div>\n\t\t<\/section>\n\t\t\t\t\t<\/div>\n\t\t<\/div>\n\t\t\t\t\t<\/div>\n\t\t<\/section>\n\t\t\t\t<\/div>\n\t\t","protected":false},"excerpt":{"rendered":"<p>&#8211; Seit 1995 &#8211; Unsere Technik Die Infrarotw\u00e4rme hat eine direkte Wirkung auf den K\u00f6rper. Bei geringem energetischen Aufwand erzielt diese, die Sonnenstrahlung emittierende Technik, sehr positive Wirkung in der Gesunderhaltung und bei verschiedenen Beschwerden. So werden bei Rheuma, Durchblutungsst\u00f6rungen, Infektionen und Entz\u00fcndungen gelindert oder entstandene Narben, Sportverletzungen und Cellulitis gemildert. Langwellige Infrarotstrahlung erw\u00e4rmt dabei [&hellip;]<\/p>\n","protected":false},"author":1,"featured_media":0,"parent":0,"menu_order":0,"comment_status":"closed","ping_status":"closed","template":"","meta":{"footnotes":""},"class_list":["post-9","page","type-page","status-publish","hentry"],"_links":{"self":[{"href":"https:\/\/www.infravital.de\/index.php?rest_route=\/wp\/v2\/pages\/9","targetHints":{"allow":["GET"]}}],"collection":[{"href":"https:\/\/www.infravital.de\/index.php?rest_route=\/wp\/v2\/pages"}],"about":[{"href":"https:\/\/www.infravital.de\/index.php?rest_route=\/wp\/v2\/types\/page"}],"author":[{"embeddable":true,"href":"https:\/\/www.infravital.de\/index.php?rest_route=\/wp\/v2\/users\/1"}],"replies":[{"embeddable":true,"href":"https:\/\/www.infravital.de\/index.php?rest_route=%2Fwp%2Fv2%2Fcomments&post=9"}],"version-history":[{"count":4,"href":"https:\/\/www.infravital.de\/index.php?rest_route=\/wp\/v2\/pages\/9\/revisions"}],"predecessor-version":[{"id":79,"href":"https:\/\/www.infravital.de\/index.php?rest_route=\/wp\/v2\/pages\/9\/revisions\/79"}],"wp:attachment":[{"href":"https:\/\/www.infravital.de\/index.php?rest_route=%2Fwp%2Fv2%2Fmedia&parent=9"}],"curies":[{"name":"wp","href":"https:\/\/api.w.org\/{rel}","templated":true}]}}