{"id":7,"date":"2023-05-09T17:11:11","date_gmt":"2023-05-09T15:11:11","guid":{"rendered":"http:\/\/www.infravital.de\/?page_id=7"},"modified":"2023-05-12T11:19:02","modified_gmt":"2023-05-12T09:19:02","slug":"willkommen-bei-infravital","status":"publish","type":"page","link":"https:\/\/www.infravital.de\/","title":{"rendered":"Willkommen bei Infravital"},"content":{"rendered":"\t\t<div data-elementor-type=\"wp-page\" data-elementor-id=\"7\" class=\"elementor elementor-7\">\n\t\t\t\t\t\t<section class=\"elementor-section elementor-top-section elementor-element elementor-element-355d19a elementor-section-content-middle elementor-section-boxed elementor-section-height-default elementor-section-height-default\" data-id=\"355d19a\" data-element_type=\"section\">\n\t\t\t\t\t\t\t<div class=\"elementor-background-overlay\"><\/div>\n\t\t\t\t\t\t\t<div class=\"elementor-container elementor-column-gap-default\">\n\t\t\t\t\t<div class=\"elementor-column elementor-col-100 elementor-top-column elementor-element elementor-element-49ac992\" data-id=\"49ac992\" data-element_type=\"column\">\n\t\t\t<div class=\"elementor-widget-wrap elementor-element-populated\">\n\t\t\t\t\t\t<section class=\"elementor-section elementor-inner-section elementor-element elementor-element-e0e98c6 elementor-section-height-min-height elementor-section-boxed elementor-section-height-default\" data-id=\"e0e98c6\" data-element_type=\"section\" data-settings=\"{&quot;background_background&quot;:&quot;classic&quot;}\">\n\t\t\t\t\t\t<div class=\"elementor-container elementor-column-gap-default\">\n\t\t\t\t\t<div class=\"elementor-column elementor-col-100 elementor-inner-column elementor-element elementor-element-13e55e7\" data-id=\"13e55e7\" data-element_type=\"column\" data-settings=\"{&quot;background_background&quot;:&quot;classic&quot;}\">\n\t\t\t<div class=\"elementor-widget-wrap elementor-element-populated\">\n\t\t\t\t\t\t<div class=\"elementor-element elementor-element-bd31e5f elementor-widget elementor-widget-heading\" data-id=\"bd31e5f\" data-element_type=\"widget\" data-widget_type=\"heading.default\">\n\t\t\t\t<div class=\"elementor-widget-container\">\n\t\t\t<h3 class=\"elementor-heading-title elementor-size-default\">- Entwickelt und produziert in Deutschland -<\/h3>\t\t<\/div>\n\t\t\t\t<\/div>\n\t\t\t\t<div class=\"elementor-element elementor-element-7f12d5a elementor-widget elementor-widget-heading\" data-id=\"7f12d5a\" data-element_type=\"widget\" data-widget_type=\"heading.default\">\n\t\t\t\t<div class=\"elementor-widget-container\">\n\t\t\t<h1 class=\"elementor-heading-title elementor-size-default\">Willkommen bei Infravital<span style=\"font-size:10.0pt;line-height:200%\">\u00ae <\/span><\/h1>\t\t<\/div>\n\t\t\t\t<\/div>\n\t\t\t\t<div class=\"elementor-element elementor-element-c8e94ff elementor-widget elementor-widget-heading\" data-id=\"c8e94ff\" data-element_type=\"widget\" data-widget_type=\"heading.default\">\n\t\t\t\t<div class=\"elementor-widget-container\">\n\t\t\t<h2 class=\"elementor-heading-title elementor-size-default\">Infrarot W\u00e4rme f\u00fcr Mensch und Tier<\/h2>\t\t<\/div>\n\t\t\t\t<\/div>\n\t\t\t\t<div class=\"elementor-element elementor-element-c7115e1 elementor-widget elementor-widget-image\" data-id=\"c7115e1\" data-element_type=\"widget\" data-widget_type=\"image.default\">\n\t\t\t\t<div class=\"elementor-widget-container\">\n\t\t\t\t\t\t\t\t\t\t\t\t\t<img fetchpriority=\"high\" decoding=\"async\" width=\"300\" height=\"250\" src=\"https:\/\/www.infravital.de\/wp-content\/uploads\/2023\/05\/Kabine-und-Technik-300x250.jpg\" class=\"attachment-medium size-medium wp-image-52\" alt=\"\" srcset=\"https:\/\/www.infravital.de\/wp-content\/uploads\/2023\/05\/Kabine-und-Technik-300x250.jpg 300w, https:\/\/www.infravital.de\/wp-content\/uploads\/2023\/05\/Kabine-und-Technik.jpg 672w\" sizes=\"(max-width: 300px) 100vw, 300px\" \/>\t\t\t\t\t\t\t\t\t\t\t\t\t<\/div>\n\t\t\t\t<\/div>\n\t\t\t\t<div class=\"elementor-element elementor-element-b611b8d elementor-widget-tablet__width-initial elementor-absolute elementor-widget elementor-widget-image\" data-id=\"b611b8d\" data-element_type=\"widget\" data-settings=\"{&quot;_position&quot;:&quot;absolute&quot;}\" data-widget_type=\"image.default\">\n\t\t\t\t<div class=\"elementor-widget-container\">\n\t\t\t\t\t\t\t\t\t\t\t\t\t<img decoding=\"async\" width=\"300\" height=\"175\" src=\"https:\/\/www.infravital.de\/wp-content\/uploads\/2023\/05\/horses-Anhaenger2-300x175.jpg\" class=\"attachment-medium size-medium wp-image-47\" alt=\"\" srcset=\"https:\/\/www.infravital.de\/wp-content\/uploads\/2023\/05\/horses-Anhaenger2-300x175.jpg 300w, https:\/\/www.infravital.de\/wp-content\/uploads\/2023\/05\/horses-Anhaenger2-1024x597.jpg 1024w, https:\/\/www.infravital.de\/wp-content\/uploads\/2023\/05\/horses-Anhaenger2-768x448.jpg 768w, https:\/\/www.infravital.de\/wp-content\/uploads\/2023\/05\/horses-Anhaenger2-1536x896.jpg 1536w, https:\/\/www.infravital.de\/wp-content\/uploads\/2023\/05\/horses-Anhaenger2.jpg 1600w\" sizes=\"(max-width: 300px) 100vw, 300px\" \/>\t\t\t\t\t\t\t\t\t\t\t\t\t<\/div>\n\t\t\t\t<\/div>\n\t\t\t\t\t<\/div>\n\t\t<\/div>\n\t\t\t\t\t<\/div>\n\t\t<\/section>\n\t\t\t\t\t<\/div>\n\t\t<\/div>\n\t\t\t\t\t<\/div>\n\t\t<\/section>\n\t\t\t\t<section class=\"elementor-section elementor-top-section elementor-element elementor-element-531a9fc elementor-section-height-min-height elementor-section-items-stretch elementor-section-boxed elementor-section-height-default\" data-id=\"531a9fc\" data-element_type=\"section\">\n\t\t\t\t\t\t<div class=\"elementor-container elementor-column-gap-default\">\n\t\t\t\t\t<div class=\"elementor-column elementor-col-33 elementor-top-column elementor-element elementor-element-65e3703\" data-id=\"65e3703\" data-element_type=\"column\" data-settings=\"{&quot;background_background&quot;:&quot;classic&quot;}\">\n\t\t\t<div class=\"elementor-widget-wrap elementor-element-populated\">\n\t\t\t\t\t\t<div class=\"elementor-element elementor-element-648988a elementor-widget-mobile__width-initial elementor-widget elementor-widget-spacer\" data-id=\"648988a\" data-element_type=\"widget\" data-widget_type=\"spacer.default\">\n\t\t\t\t<div class=\"elementor-widget-container\">\n\t\t\t\t\t<div class=\"elementor-spacer\">\n\t\t\t<div class=\"elementor-spacer-inner\"><\/div>\n\t\t<\/div>\n\t\t\t\t<\/div>\n\t\t\t\t<\/div>\n\t\t\t\t\t<\/div>\n\t\t<\/div>\n\t\t\t\t<div class=\"elementor-column elementor-col-66 elementor-top-column elementor-element elementor-element-a834f23\" data-id=\"a834f23\" data-element_type=\"column\">\n\t\t\t<div class=\"elementor-widget-wrap elementor-element-populated\">\n\t\t\t\t\t\t<div class=\"elementor-element elementor-element-2829c51 elementor-widget elementor-widget-heading\" data-id=\"2829c51\" data-element_type=\"widget\" data-widget_type=\"heading.default\">\n\t\t\t\t<div class=\"elementor-widget-container\">\n\t\t\t<h3 class=\"elementor-heading-title elementor-size-default\">- patentierte Infrarot Technik -<\/h3>\t\t<\/div>\n\t\t\t\t<\/div>\n\t\t\t\t<div class=\"elementor-element elementor-element-851473c elementor-widget elementor-widget-heading\" data-id=\"851473c\" data-element_type=\"widget\" data-widget_type=\"heading.default\">\n\t\t\t\t<div class=\"elementor-widget-container\">\n\t\t\t<h2 class=\"elementor-heading-title elementor-size-default\">Langlebige Komponenten<\/h2>\t\t<\/div>\n\t\t\t\t<\/div>\n\t\t\t\t<div class=\"elementor-element elementor-element-0f55be2 elementor-widget__width-initial elementor-widget elementor-widget-text-editor\" data-id=\"0f55be2\" data-element_type=\"widget\" data-widget_type=\"text-editor.default\">\n\t\t\t\t<div class=\"elementor-widget-container\">\n\t\t\t\t\t\t\t<p style=\"margin: 0in; font-family: Calibri; font-size: 14.0pt;\">Die Infrarotw\u00e4rme hat eine direkte Wirkung auf den K\u00f6rper. Bei geringem energietechnischen Aufwand erzielt diese, die Sonnenstrahlung emittierende Technik, sehr positive Wirkung in der Gesunderhaltung und bei verschiedenen Beschwerden.<\/p><p style=\"margin: 0in; font-family: Calibri; font-size: 14.0pt;\">Unsere verwendeten Komponenten sind dabei extrem langlebig.<\/p>\t\t\t\t\t\t<\/div>\n\t\t\t\t<\/div>\n\t\t\t\t\t<\/div>\n\t\t<\/div>\n\t\t\t\t\t<\/div>\n\t\t<\/section>\n\t\t\t\t<section class=\"elementor-section elementor-top-section elementor-element elementor-element-767a4d5 elementor-section-height-min-height elementor-section-items-stretch elementor-reverse-mobile elementor-section-boxed elementor-section-height-default\" data-id=\"767a4d5\" data-element_type=\"section\">\n\t\t\t\t\t\t<div class=\"elementor-container elementor-column-gap-default\">\n\t\t\t\t\t<div class=\"elementor-column elementor-col-50 elementor-top-column elementor-element elementor-element-dd10c2d\" data-id=\"dd10c2d\" data-element_type=\"column\">\n\t\t\t<div class=\"elementor-widget-wrap elementor-element-populated\">\n\t\t\t\t\t\t<div class=\"elementor-element elementor-element-00f18f1 elementor-widget__width-initial elementor-widget-mobile__width-initial elementor-widget elementor-widget-text-editor\" data-id=\"00f18f1\" data-element_type=\"widget\" data-widget_type=\"text-editor.default\">\n\t\t\t\t<div class=\"elementor-widget-container\">\n\t\t\t\t\t\t\t<p style=\"margin: 0in; font-family: Calibri; font-size: 15.0pt;\">&#8222;Unsere Emitter sind Energieeffizient und von hoher Qualit\u00e4t.&#8220;<\/p><p style=\"margin: 0in; font-family: Calibri; font-size: 11.0pt;\">&#8211; CEO, Infravital GmbH &#8211;<\/p>\t\t\t\t\t\t<\/div>\n\t\t\t\t<\/div>\n\t\t\t\t\t<\/div>\n\t\t<\/div>\n\t\t\t\t<div class=\"elementor-column elementor-col-50 elementor-top-column elementor-element elementor-element-ef506c6\" data-id=\"ef506c6\" data-element_type=\"column\" data-settings=\"{&quot;background_background&quot;:&quot;slideshow&quot;,&quot;background_slideshow_gallery&quot;:[{&quot;id&quot;:52,&quot;url&quot;:&quot;https:\\\/\\\/www.infravital.de\\\/wp-content\\\/uploads\\\/2023\\\/05\\\/Kabine-und-Technik.jpg&quot;},{&quot;id&quot;:51,&quot;url&quot;:&quot;https:\\\/\\\/www.infravital.de\\\/wp-content\\\/uploads\\\/2023\\\/05\\\/Untitled-46-1024x725-1.png&quot;},{&quot;id&quot;:47,&quot;url&quot;:&quot;https:\\\/\\\/www.infravital.de\\\/wp-content\\\/uploads\\\/2023\\\/05\\\/horses-Anhaenger2.jpg&quot;}],&quot;background_slideshow_loop&quot;:&quot;yes&quot;,&quot;background_slideshow_slide_duration&quot;:5000,&quot;background_slideshow_slide_transition&quot;:&quot;fade&quot;,&quot;background_slideshow_transition_duration&quot;:500}\">\n\t\t\t<div class=\"elementor-widget-wrap elementor-element-populated\">\n\t\t\t\t\t\t<div class=\"elementor-element elementor-element-608dd55 elementor-absolute elementor-widget elementor-widget-heading\" data-id=\"608dd55\" data-element_type=\"widget\" data-settings=\"{&quot;_position&quot;:&quot;absolute&quot;}\" data-widget_type=\"heading.default\">\n\t\t\t\t<div class=\"elementor-widget-container\">\n\t\t\t<h2 class=\"elementor-heading-title elementor-size-default\">Energieeffizienz und Qualit\u00e4t<\/h2>\t\t<\/div>\n\t\t\t\t<\/div>\n\t\t\t\t<div class=\"elementor-element elementor-element-6a60306 elementor-align-center elementor-absolute elementor-widget elementor-widget-button\" data-id=\"6a60306\" data-element_type=\"widget\" data-settings=\"{&quot;_position&quot;:&quot;absolute&quot;}\" data-widget_type=\"button.default\">\n\t\t\t\t<div class=\"elementor-widget-container\">\n\t\t\t\t\t\t\t<div class=\"elementor-button-wrapper\">\n\t\t\t\t\t<a class=\"elementor-button elementor-button-link elementor-size-sm\" href=\"#Geschichte\">\n\t\t\t\t\t\t<span class=\"elementor-button-content-wrapper\">\n\t\t\t\t\t\t\t\t\t<span class=\"elementor-button-text\">Unsere Geschichte<\/span>\n\t\t\t\t\t<\/span>\n\t\t\t\t\t<\/a>\n\t\t\t\t<\/div>\n\t\t\t\t\t\t<\/div>\n\t\t\t\t<\/div>\n\t\t\t\t\t<\/div>\n\t\t<\/div>\n\t\t\t\t\t<\/div>\n\t\t<\/section>\n\t\t\t\t<section class=\"elementor-section elementor-top-section elementor-element elementor-element-e210c80 elementor-section-height-min-height elementor-section-items-stretch elementor-section-boxed elementor-section-height-default\" data-id=\"e210c80\" data-element_type=\"section\">\n\t\t\t\t\t\t<div class=\"elementor-container elementor-column-gap-default\">\n\t\t\t\t\t<div class=\"elementor-column elementor-col-50 elementor-top-column elementor-element elementor-element-cc9e9da\" data-id=\"cc9e9da\" data-element_type=\"column\" data-settings=\"{&quot;background_background&quot;:&quot;classic&quot;}\">\n\t\t\t<div class=\"elementor-widget-wrap elementor-element-populated\">\n\t\t\t\t\t\t<div class=\"elementor-element elementor-element-2f7d8e5 e-transform elementor-widget elementor-widget-image\" data-id=\"2f7d8e5\" data-element_type=\"widget\" data-settings=\"{&quot;_transform_scale_effect&quot;:{&quot;unit&quot;:&quot;px&quot;,&quot;size&quot;:&quot;&quot;,&quot;sizes&quot;:[]},&quot;_transform_scale_effect_tablet&quot;:{&quot;unit&quot;:&quot;px&quot;,&quot;size&quot;:&quot;&quot;,&quot;sizes&quot;:[]},&quot;_transform_scale_effect_mobile&quot;:{&quot;unit&quot;:&quot;px&quot;,&quot;size&quot;:&quot;&quot;,&quot;sizes&quot;:[]}}\" data-widget_type=\"image.default\">\n\t\t\t\t<div class=\"elementor-widget-container\">\n\t\t\t\t\t\t\t\t\t\t\t\t\t<img decoding=\"async\" width=\"800\" height=\"466\" src=\"https:\/\/www.infravital.de\/wp-content\/uploads\/2023\/05\/horses-Anhaenger2-1024x597.jpg\" class=\"attachment-large size-large wp-image-47\" alt=\"\" srcset=\"https:\/\/www.infravital.de\/wp-content\/uploads\/2023\/05\/horses-Anhaenger2-1024x597.jpg 1024w, https:\/\/www.infravital.de\/wp-content\/uploads\/2023\/05\/horses-Anhaenger2-300x175.jpg 300w, https:\/\/www.infravital.de\/wp-content\/uploads\/2023\/05\/horses-Anhaenger2-768x448.jpg 768w, https:\/\/www.infravital.de\/wp-content\/uploads\/2023\/05\/horses-Anhaenger2-1536x896.jpg 1536w, https:\/\/www.infravital.de\/wp-content\/uploads\/2023\/05\/horses-Anhaenger2.jpg 1600w\" sizes=\"(max-width: 800px) 100vw, 800px\" \/>\t\t\t\t\t\t\t\t\t\t\t\t\t<\/div>\n\t\t\t\t<\/div>\n\t\t\t\t\t<\/div>\n\t\t<\/div>\n\t\t\t\t<div class=\"elementor-column elementor-col-50 elementor-top-column elementor-element elementor-element-a656518\" data-id=\"a656518\" data-element_type=\"column\" data-settings=\"{&quot;background_background&quot;:&quot;classic&quot;}\">\n\t\t\t<div class=\"elementor-widget-wrap elementor-element-populated\">\n\t\t\t\t\t\t<div class=\"elementor-element elementor-element-26c45f4 elementor-widget elementor-widget-text-editor\" data-id=\"26c45f4\" data-element_type=\"widget\" data-widget_type=\"text-editor.default\">\n\t\t\t\t<div class=\"elementor-widget-container\">\n\t\t\t\t\t\t\t<p style=\"margin: 0in; font-family: Calibri; font-size: 15.0pt;\">Unsere Pferdetherme findet bereits ihren Einsatz bei bekannten Z\u00fcchtern und Gnadenh\u00f6fen. <br><\/p>\n<p style=\"margin: 0in; font-family: Calibri; font-size: 15.0pt;\">Mit der Neuentwicklung &#8222;EQUOTHERM&#8220; haben wir nun den n\u00e4chsten Meilenstein in der Entwicklung abgeschlossen.<\/p>\n<p style=\"margin: 0in; font-family: Calibri; font-size: 15.0pt;\">Eine Pferdetherme deren Einsatz flexibel und mobil ist.<br><\/p>\t\t\t\t\t\t<\/div>\n\t\t\t\t<\/div>\n\t\t\t\t\t<\/div>\n\t\t<\/div>\n\t\t\t\t\t<\/div>\n\t\t<\/section>\n\t\t\t\t<section class=\"elementor-section elementor-top-section elementor-element elementor-element-0800b01 elementor-section-height-min-height elementor-section-items-stretch elementor-section-boxed elementor-section-height-default\" data-id=\"0800b01\" data-element_type=\"section\" data-settings=\"{&quot;background_background&quot;:&quot;slideshow&quot;,&quot;background_slideshow_gallery&quot;:[],&quot;background_slideshow_loop&quot;:&quot;yes&quot;,&quot;background_slideshow_slide_duration&quot;:5000,&quot;background_slideshow_slide_transition&quot;:&quot;fade&quot;,&quot;background_slideshow_transition_duration&quot;:500}\">\n\t\t\t\t\t\t<div class=\"elementor-container elementor-column-gap-default\">\n\t\t\t\t\t<div class=\"elementor-column elementor-col-50 elementor-top-column elementor-element elementor-element-113677a\" data-id=\"113677a\" data-element_type=\"column\">\n\t\t\t<div class=\"elementor-widget-wrap elementor-element-populated\">\n\t\t\t\t\t\t<div class=\"elementor-element elementor-element-d30312c elementor-widget__width-initial elementor-widget elementor-widget-text-editor\" data-id=\"d30312c\" data-element_type=\"widget\" data-widget_type=\"text-editor.default\">\n\t\t\t\t<div class=\"elementor-widget-container\">\n\t\t\t\t\t\t\t<p style=\"margin: 0in; font-family: Calibri; font-size: 15.0pt;\">Sie kennen die Wirkung der Infrarot &#8211; Tiefenw\u00e4rme noch nicht oder m\u00f6chten sich von unseren Produkten pers\u00f6nlich \u00fcberzeugen? Besuchen Sie uns in unserem Gesch\u00e4ft oder kontaktieren Sie uns gerne.<\/p>\t\t\t\t\t\t<\/div>\n\t\t\t\t<\/div>\n\t\t\t\t\t<\/div>\n\t\t<\/div>\n\t\t\t\t<div class=\"elementor-column elementor-col-50 elementor-top-column elementor-element elementor-element-5646fe3\" data-id=\"5646fe3\" data-element_type=\"column\" data-settings=\"{&quot;background_background&quot;:&quot;slideshow&quot;,&quot;background_slideshow_gallery&quot;:[{&quot;id&quot;:47,&quot;url&quot;:&quot;https:\\\/\\\/www.infravital.de\\\/wp-content\\\/uploads\\\/2023\\\/05\\\/horses-Anhaenger2.jpg&quot;},{&quot;id&quot;:52,&quot;url&quot;:&quot;https:\\\/\\\/www.infravital.de\\\/wp-content\\\/uploads\\\/2023\\\/05\\\/Kabine-und-Technik.jpg&quot;},{&quot;id&quot;:49,&quot;url&quot;:&quot;https:\\\/\\\/www.infravital.de\\\/wp-content\\\/uploads\\\/2023\\\/05\\\/ride-201703-scaled.jpg&quot;}],&quot;background_slideshow_loop&quot;:&quot;yes&quot;,&quot;background_slideshow_slide_duration&quot;:5000,&quot;background_slideshow_slide_transition&quot;:&quot;fade&quot;,&quot;background_slideshow_transition_duration&quot;:500}\">\n\t\t\t<div class=\"elementor-widget-wrap elementor-element-populated\">\n\t\t\t\t\t\t<div class=\"elementor-element elementor-element-418ed92 elementor-align-justify elementor-widget__width-initial elementor-absolute elementor-widget elementor-widget-button\" data-id=\"418ed92\" data-element_type=\"widget\" data-settings=\"{&quot;_position&quot;:&quot;absolute&quot;}\" data-widget_type=\"button.default\">\n\t\t\t\t<div class=\"elementor-widget-container\">\n\t\t\t\t\t\t\t<div class=\"elementor-button-wrapper\">\n\t\t\t\t\t<a class=\"elementor-button elementor-button-link elementor-size-sm\" href=\"https:\/\/www.infravital.de\/?page_id=11\">\n\t\t\t\t\t\t<span class=\"elementor-button-content-wrapper\">\n\t\t\t\t\t\t\t\t\t<span class=\"elementor-button-text\">Kontaktieren Sie uns<\/span>\n\t\t\t\t\t<\/span>\n\t\t\t\t\t<\/a>\n\t\t\t\t<\/div>\n\t\t\t\t\t\t<\/div>\n\t\t\t\t<\/div>\n\t\t\t\t\t<\/div>\n\t\t<\/div>\n\t\t\t\t\t<\/div>\n\t\t<\/section>\n\t\t\t\t<section class=\"elementor-section elementor-top-section elementor-element elementor-element-337d46c elementor-section-boxed elementor-section-height-default elementor-section-height-default\" data-id=\"337d46c\" data-element_type=\"section\" id=\"Geschichte\">\n\t\t\t\t\t\t<div class=\"elementor-container elementor-column-gap-default\">\n\t\t\t\t\t<div class=\"elementor-column elementor-col-100 elementor-top-column elementor-element elementor-element-4088569\" data-id=\"4088569\" data-element_type=\"column\">\n\t\t\t<div class=\"elementor-widget-wrap elementor-element-populated\">\n\t\t\t\t\t\t<div class=\"elementor-element elementor-element-1c07a6a elementor-widget elementor-widget-heading\" data-id=\"1c07a6a\" data-element_type=\"widget\" data-widget_type=\"heading.default\">\n\t\t\t\t<div class=\"elementor-widget-container\">\n\t\t\t<h3 class=\"elementor-heading-title elementor-size-default\">- Seit 1995 -<\/h3>\t\t<\/div>\n\t\t\t\t<\/div>\n\t\t\t\t<div class=\"elementor-element elementor-element-d26122a elementor-widget elementor-widget-heading\" data-id=\"d26122a\" data-element_type=\"widget\" data-widget_type=\"heading.default\">\n\t\t\t\t<div class=\"elementor-widget-container\">\n\t\t\t<h2 class=\"elementor-heading-title elementor-size-default\">Unsere Geschichte<\/h2>\t\t<\/div>\n\t\t\t\t<\/div>\n\t\t\t\t<div class=\"elementor-element elementor-element-dd4eccf elementor-widget elementor-widget-text-editor\" data-id=\"dd4eccf\" data-element_type=\"widget\" data-widget_type=\"text-editor.default\">\n\t\t\t\t<div class=\"elementor-widget-container\">\n\t\t\t\t\t\t\t<p style=\"margin: 0in; font-family: Calibri; font-size: 15pt;\">Ein Familienunternehmen mit kaufm\u00e4nnischer und technischer Tradition mit viel Liebe f\u00fcr Gesundheit<\/p>\n<p style=\"margin: 0in; font-family: Calibri; font-size: 15pt;\">Wir entwickeln unsere Produkte im eigenen Hause und produzieren in Deutschland und dies seit &#8211; 1995 &#8211;<\/p>\n<p style=\"margin: 0in; font-family: Calibri; font-size: 15pt;\">Unsere hochwertige, enerhieffiziente Infrarot Technik ist im Einsatz f\u00fcr den gesundheitsbewussten Endverbraucher und die Gesundheit der Tiere.<\/p>\n<p style=\"margin: 0in; font-family: Calibri; font-size: 22.0pt;\"><span style=\"font-weight: bold;\"><i>&#8211; Gesundheit der Menschen und Tiere ist unser Ziel &#8211;\n<\/i><\/span><\/p>\n<p style=\"margin: 0in; font-family: Calibri; font-size: 22.0pt;\"><span style=\"font-weight: bold;\">\u00a0<\/span><\/p>\t\t\t\t\t\t<\/div>\n\t\t\t\t<\/div>\n\t\t\t\t<div class=\"elementor-element elementor-element-187e0aa elementor-widget elementor-widget-image\" data-id=\"187e0aa\" data-element_type=\"widget\" data-widget_type=\"image.default\">\n\t\t\t\t<div class=\"elementor-widget-container\">\n\t\t\t\t\t\t\t\t\t\t\t\t\t<img loading=\"lazy\" decoding=\"async\" width=\"800\" height=\"566\" src=\"https:\/\/www.infravital.de\/wp-content\/uploads\/2023\/05\/Untitled-46-1024x725-1.png\" class=\"attachment-large size-large wp-image-51\" alt=\"\" srcset=\"https:\/\/www.infravital.de\/wp-content\/uploads\/2023\/05\/Untitled-46-1024x725-1.png 1024w, https:\/\/www.infravital.de\/wp-content\/uploads\/2023\/05\/Untitled-46-1024x725-1-300x212.png 300w, https:\/\/www.infravital.de\/wp-content\/uploads\/2023\/05\/Untitled-46-1024x725-1-768x544.png 768w\" sizes=\"(max-width: 800px) 100vw, 800px\" \/>\t\t\t\t\t\t\t\t\t\t\t\t\t<\/div>\n\t\t\t\t<\/div>\n\t\t\t\t\t<\/div>\n\t\t<\/div>\n\t\t\t\t\t<\/div>\n\t\t<\/section>\n\t\t\t\t<\/div>\n\t\t","protected":false},"excerpt":{"rendered":"<p>&#8211; Entwickelt und produziert in Deutschland &#8211; Willkommen bei Infravital\u00ae Infrarot W\u00e4rme f\u00fcr Mensch und Tier &#8211; patentierte Infrarot Technik &#8211; Langlebige Komponenten Die Infrarotw\u00e4rme hat eine direkte Wirkung auf den K\u00f6rper. Bei geringem energietechnischen Aufwand erzielt diese, die Sonnenstrahlung emittierende Technik, sehr positive Wirkung in der Gesunderhaltung und bei verschiedenen Beschwerden. Unsere verwendeten Komponenten [&hellip;]<\/p>\n","protected":false},"author":1,"featured_media":0,"parent":0,"menu_order":0,"comment_status":"closed","ping_status":"closed","template":"","meta":{"footnotes":""},"class_list":["post-7","page","type-page","status-publish","hentry"],"_links":{"self":[{"href":"https:\/\/www.infravital.de\/index.php?rest_route=\/wp\/v2\/pages\/7","targetHints":{"allow":["GET"]}}],"collection":[{"href":"https:\/\/www.infravital.de\/index.php?rest_route=\/wp\/v2\/pages"}],"about":[{"href":"https:\/\/www.infravital.de\/index.php?rest_route=\/wp\/v2\/types\/page"}],"author":[{"embeddable":true,"href":"https:\/\/www.infravital.de\/index.php?rest_route=\/wp\/v2\/users\/1"}],"replies":[{"embeddable":true,"href":"https:\/\/www.infravital.de\/index.php?rest_route=%2Fwp%2Fv2%2Fcomments&post=7"}],"version-history":[{"count":88,"href":"https:\/\/www.infravital.de\/index.php?rest_route=\/wp\/v2\/pages\/7\/revisions"}],"predecessor-version":[{"id":153,"href":"https:\/\/www.infravital.de\/index.php?rest_route=\/wp\/v2\/pages\/7\/revisions\/153"}],"wp:attachment":[{"href":"https:\/\/www.infravital.de\/index.php?rest_route=%2Fwp%2Fv2%2Fmedia&parent=7"}],"curies":[{"name":"wp","href":"https:\/\/api.w.org\/{rel}","templated":true}]}}